{"id":10424,"date":"2020-06-04T09:12:34","date_gmt":"2020-06-04T07:12:34","guid":{"rendered":"https:\/\/www.pitecolab.it\/?page_id=10424"},"modified":"2024-04-26T11:54:35","modified_gmt":"2024-04-26T09:54:35","slug":"piteco-fundraising","status":"publish","type":"page","link":"https:\/\/www.pitecolab.it\/en\/newsroom\/piteco-fundraising\/","title":{"rendered":"Piteco Fundraising"},"content":{"rendered":"<p>[vc_row padding_size=&#8221;no-padding&#8221; css=&#8221;.vc_custom_1714125272394{margin-right: 0px !important;margin-left: 0px !important;border-right-width: 0px !important;border-left-width: 0px !important;padding-right: 0px !important;padding-left: 0px !important;}&#8221; el_class=&#8221;luce-sorriso&#8221;][vc_column width=&#8221;1\/4&#8243;][\/vc_column][vc_column width=&#8221;1\/2&#8243;][vc_column_text]<\/p>\n<p style=\"text-align: center;\"><em>In casa porta felicit\u00e0, <\/em><em>nella fatica infonde coraggio.<\/em><br \/>\n<em>Un sorriso \u00e8 un segno di amicizia.<\/em><br \/>\n<em>Un bene che non si pu\u00f2 comperare, <\/em><em>ma soltanto donare.<\/em><br \/>\n<em>In ricordo di Claudia<\/em><\/p>\n<p>[\/vc_column_text][vc_empty_space][\/vc_column][vc_column width=&#8221;1\/4&#8243;][\/vc_column][\/vc_row][vc_row padding_size=&#8221;no-padding&#8221; css=&#8221;.vc_custom_1591257671354{margin-right: 0px !important;margin-left: 0px !important;border-right-width: 0px !important;border-left-width: 0px !important;padding-right: 0px !important;padding-left: 0px !important;}&#8221;][vc_column width=&#8221;1\/4&#8243;][wyde_heading style=&#8221;6&#8243; title=&#8221;Casa Luce e Sorriso&#8221;][\/vc_column][vc_column width=&#8221;1\/2&#8243;][vc_column_text]<\/p>\n<p style=\"text-align: justify;\"><strong>Casa Luce e Sorriso Giovanni Paolo II<\/strong> \u00e8 un progetto curato dall&#8217;associazione <strong>LILT di Modena &#8211; Lega Italiana per la Lotta contro i Tumori &#8211;<\/strong> volto all&#8217;accoglienza dei pazienti oncologici che hanno concluso il ciclo di cura e che necessitano di un periodo di convalescenza, sollievo e riabilitazione.<\/p>\n<p style=\"text-align: justify;\">Casa Luce e Sorriso sta sorgendo a Casola di Montefiorino sull\u2019Appennino Modenese. Al termine del progetto sorgeranno <strong>unit\u00e0 abitative<\/strong> per l\u2019alloggio dei pazienti oncologici e dei loro famigliari, una struttura poli-funzionale dotata di <strong>ambulatori, piscina e palestra<\/strong> per le terapie riabilitative immersa in un\u2019<strong>area verde<\/strong> con un percorso salute e un parco dedicato ad attivit\u00e0 sportive, di socializzazione e aggregazione.<\/p>\n<p style=\"text-align: justify;\">La nostra cara <strong>Claudia Bega<\/strong> e <strong>Gianluca Grazioli<\/strong>, marito di Claudia, segretario della Lilt Modena, hanno sempre dato un grande supporto all&#8217;Associazione, credendo pienamente nel valore del volontariato e nell&#8217;obiettivo di Casa Luce e Sorriso: riunire cultura medica e assistenziale, la profonda umanit\u00e0 dei luoghi, degli operatori e il sorriso dell\u2019accoglienza.<\/p>\n<p>[\/vc_column_text][\/vc_column][vc_column width=&#8221;1\/4&#8243;][vc_empty_space height=&#8221;70px&#8221;][vc_single_image alignment=&#8221;right&#8221; onclick=&#8221;custom_link&#8221; link_target=&#8221;_blank&#8221; image=&#8221;10294&#8243; link=&#8221;https:\/\/www.lilt.mo.it\/casa-luce-e-sorriso\/&#8221;][vc_empty_space height=&#8221;150px&#8221;][vc_single_image alignment=&#8221;right&#8221; onclick=&#8221;custom_link&#8221; link_target=&#8221;_blank&#8221; image=&#8221;10296&#8243; link=&#8221;https:\/\/www.lilt.mo.it\/&#8221;][\/vc_column][\/vc_row][vc_row padding_size=&#8221;no-padding&#8221; css=&#8221;.vc_custom_1591257671354{margin-right: 0px !important;margin-left: 0px !important;border-right-width: 0px !important;border-left-width: 0px !important;padding-right: 0px !important;padding-left: 0px !important;}&#8221;][vc_column width=&#8221;1\/4&#8243;][vc_empty_space][wyde_heading style=&#8221;6&#8243; title=&#8221;Il sorriso di Claudia&#8221;][\/vc_column][vc_column width=&#8221;1\/2&#8243;][vc_empty_space][vc_column_text]<\/p>\n<p style=\"text-align: center;\"><em>&#8230; il sorriso dell\u2019accoglienza: quanti sorrisi hai donato, Claudia, a tutti noi?<\/em><\/p>\n<p style=\"text-align: center;\"><em>Piteco, tutti i colleghi e gli amici ricordano Claudia, il suo sorriso potente, la bont\u00e0 d&#8217;animo, la determinazione e l&#8217;altruismo: Claudia, cos\u00ec intensa e pacata.<\/em><\/p>\n<p>[\/vc_column_text][\/vc_column][vc_column width=&#8221;1\/4&#8243;][\/vc_column][\/vc_row][vc_row padding_size=&#8221;no-padding&#8221; css=&#8221;.vc_custom_1591257756777{margin-right: 0px !important;margin-left: 0px !important;border-right-width: 0px !important;border-left-width: 0px !important;padding-right: 0px !important;padding-left: 0px !important;}&#8221;][vc_column width=&#8221;1\/4&#8243;][\/vc_column][vc_column width=&#8221;1\/2&#8243;][vc_empty_space][vc_video media_url=&#8221;https:\/\/www.youtube.com\/watch?v=whX5vTMnk0E&#8221;][vc_empty_space][\/vc_column][vc_column width=&#8221;1\/4&#8243;][\/vc_column][\/vc_row][vc_row padding_size=&#8221;no-padding&#8221; css=&#8221;.vc_custom_1591257671354{margin-right: 0px !important;margin-left: 0px !important;border-right-width: 0px !important;border-left-width: 0px !important;padding-right: 0px !important;padding-left: 0px !important;}&#8221;][vc_column width=&#8221;1\/4&#8243;][\/vc_column][vc_column width=&#8221;1\/2&#8243;][vc_column_text]<\/p>\n<p style=\"text-align: justify;\">In memoria di Claudia Piteco sostiene il progetto Casa Luce e Sorriso contribuendo alla <strong>realizzazione del<\/strong> <strong>percorso salute<\/strong> nell&#8217;area verde attigua al centro.<\/p>\n<p>[\/vc_column_text][\/vc_column][vc_column width=&#8221;1\/4&#8243;][\/vc_column][\/vc_row][vc_row padding_size=&#8221;no-padding&#8221;][vc_column width=&#8221;1\/4&#8243;][vc_empty_space height=&#8221;45px&#8221;][wyde_heading style=&#8221;6&#8243; title=&#8221;La tua donazione&#8221;][\/vc_column][vc_column text_align=&#8221;center&#8221; width=&#8221;1\/2&#8243;][vc_empty_space][wyde_link_button style=&#8221;rounded&#8221; size=&#8221;large&#8221; title=&#8221;Casa Luce e Sorriso: dona anche tu!&#8221; link=&#8221;url:https%3A%2F%2Fwww.lilt.mo.it%2Fcasa-luce-e-sorriso%2Fcome-aiutarci%2F|title:Casa%20Luce%20e%20Sorriso|target:%20_blank|&#8221; color=&#8221;#ffffff&#8221; css=&#8221;.vc_custom_1591287698019{border-right-width: 170px !important;border-left-width: 170px !important;padding-right: 25px !important;padding-left: 25px !important;background-color: #b2c94c !important;}&#8221; bg_color=&#8221;#afce23&#8243;][vc_empty_space height=&#8221;60px&#8221;][\/vc_column][vc_column width=&#8221;1\/4&#8243;][\/vc_column][\/vc_row]<\/p>\n","protected":false},"excerpt":{"rendered":"<p>[vc_row padding_size=&#8221;no-padding&#8221; css=&#8221;.vc_custom_1714125272394{margin-right: 0px !important;margin-left: 0px !important;border-right-width: 0px !important;border-left-width: 0px !important;padding-right: 0px !important;padding-left: 0px !important;}&#8221; el_class=&#8221;luce-sorriso&#8221;][vc_column width=&#8221;1\/4&#8243;][\/vc_column][vc_column width=&#8221;1\/2&#8243;][vc_column_text] In casa porta felicit\u00e0, nella fatica infonde coraggio. Un sorriso \u00e8 un segno di amicizia. Un bene che non si pu\u00f2 comperare, ma soltanto donare. In ricordo di Claudia [\/vc_column_text][vc_empty_space][\/vc_column][vc_column width=&#8221;1\/4&#8243;][\/vc_column][\/vc_row][vc_row padding_size=&#8221;no-padding&#8221; css=&#8221;.vc_custom_1591257671354{margin-right: 0px !important;margin-left: 0px !important;border-right-width: [&hellip;]<\/p>\n","protected":false},"author":5,"featured_media":10266,"parent":5167,"menu_order":3,"comment_status":"closed","ping_status":"closed","template":"","meta":{"footnotes":""},"class_list":["post-10424","page","type-page","status-publish","has-post-thumbnail","hentry"],"yoast_head":"<!-- This site is optimized with the Yoast SEO plugin v26.8 - https:\/\/yoast.com\/product\/yoast-seo-wordpress\/ -->\n<title>Piteco Fundraising - Piteco<\/title>\n<meta name=\"robots\" content=\"index, follow, max-snippet:-1, max-image-preview:large, max-video-preview:-1\" \/>\n<link rel=\"canonical\" href=\"https:\/\/www.pitecolab.it\/en\/newsroom\/piteco-fundraising\/\" \/>\n<meta property=\"og:locale\" content=\"en_US\" \/>\n<meta property=\"og:type\" content=\"article\" \/>\n<meta property=\"og:title\" content=\"Piteco Fundraising - Piteco\" \/>\n<meta property=\"og:description\" content=\"[vc_row padding_size=&#8221;no-padding&#8221; css=&#8221;.vc_custom_1714125272394{margin-right: 0px !important;margin-left: 0px !important;border-right-width: 0px !important;border-left-width: 0px !important;padding-right: 0px !important;padding-left: 0px !important;}&#8221; el_class=&#8221;luce-sorriso&#8221;][vc_column width=&#8221;1\/4&#8243;][\/vc_column][vc_column width=&#8221;1\/2&#8243;][vc_column_text] In casa porta felicit\u00e0, nella fatica infonde coraggio. Un sorriso \u00e8 un segno di amicizia. Un bene che non si pu\u00f2 comperare, ma soltanto donare. In ricordo di Claudia [\/vc_column_text][vc_empty_space][\/vc_column][vc_column width=&#8221;1\/4&#8243;][\/vc_column][\/vc_row][vc_row padding_size=&#8221;no-padding&#8221; css=&#8221;.vc_custom_1591257671354{margin-right: 0px !important;margin-left: 0px !important;border-right-width: [&hellip;]\" \/>\n<meta property=\"og:url\" content=\"https:\/\/www.pitecolab.it\/en\/newsroom\/piteco-fundraising\/\" \/>\n<meta property=\"og:site_name\" content=\"Piteco\" \/>\n<meta property=\"article:modified_time\" content=\"2024-04-26T09:54:35+00:00\" \/>\n<meta property=\"og:image\" content=\"https:\/\/www.pitecolab.it\/wp-content\/uploads\/2020\/06\/CLS-IMMAGINE1-everglow.jpg\" \/>\n\t<meta property=\"og:image:width\" content=\"1246\" \/>\n\t<meta property=\"og:image:height\" content=\"744\" \/>\n\t<meta property=\"og:image:type\" content=\"image\/jpeg\" \/>\n<meta name=\"twitter:card\" content=\"summary_large_image\" \/>\n<meta name=\"twitter:label1\" content=\"Est. reading time\" \/>\n\t<meta name=\"twitter:data1\" content=\"3 minutes\" \/>\n<script type=\"application\/ld+json\" class=\"yoast-schema-graph\">{\"@context\":\"https:\/\/schema.org\",\"@graph\":[{\"@type\":\"WebPage\",\"@id\":\"https:\/\/www.pitecolab.it\/en\/newsroom\/piteco-fundraising\/\",\"url\":\"https:\/\/www.pitecolab.it\/en\/newsroom\/piteco-fundraising\/\",\"name\":\"Piteco Fundraising - Piteco\",\"isPartOf\":{\"@id\":\"https:\/\/www.pitecolab.it\/en\/#website\"},\"primaryImageOfPage\":{\"@id\":\"https:\/\/www.pitecolab.it\/en\/newsroom\/piteco-fundraising\/#primaryimage\"},\"image\":{\"@id\":\"https:\/\/www.pitecolab.it\/en\/newsroom\/piteco-fundraising\/#primaryimage\"},\"thumbnailUrl\":\"https:\/\/www.pitecolab.it\/wp-content\/uploads\/2020\/06\/CLS-IMMAGINE1-everglow.jpg\",\"datePublished\":\"2020-06-04T07:12:34+00:00\",\"dateModified\":\"2024-04-26T09:54:35+00:00\",\"breadcrumb\":{\"@id\":\"https:\/\/www.pitecolab.it\/en\/newsroom\/piteco-fundraising\/#breadcrumb\"},\"inLanguage\":\"en-US\",\"potentialAction\":[{\"@type\":\"ReadAction\",\"target\":[\"https:\/\/www.pitecolab.it\/en\/newsroom\/piteco-fundraising\/\"]}]},{\"@type\":\"ImageObject\",\"inLanguage\":\"en-US\",\"@id\":\"https:\/\/www.pitecolab.it\/en\/newsroom\/piteco-fundraising\/#primaryimage\",\"url\":\"https:\/\/www.pitecolab.it\/wp-content\/uploads\/2020\/06\/CLS-IMMAGINE1-everglow.jpg\",\"contentUrl\":\"https:\/\/www.pitecolab.it\/wp-content\/uploads\/2020\/06\/CLS-IMMAGINE1-everglow.jpg\",\"width\":1246,\"height\":744},{\"@type\":\"BreadcrumbList\",\"@id\":\"https:\/\/www.pitecolab.it\/en\/newsroom\/piteco-fundraising\/#breadcrumb\",\"itemListElement\":[{\"@type\":\"ListItem\",\"position\":1,\"name\":\"Home\",\"item\":\"https:\/\/www.pitecolab.it\/en\/\"},{\"@type\":\"ListItem\",\"position\":2,\"name\":\"Newsroom\",\"item\":\"https:\/\/www.pitecolab.it\/en\/newsroom\/\"},{\"@type\":\"ListItem\",\"position\":3,\"name\":\"Piteco Fundraising\"}]},{\"@type\":\"WebSite\",\"@id\":\"https:\/\/www.pitecolab.it\/en\/#website\",\"url\":\"https:\/\/www.pitecolab.it\/en\/\",\"name\":\"Piteco\",\"description\":\"\",\"publisher\":{\"@id\":\"https:\/\/www.pitecolab.it\/en\/#organization\"},\"potentialAction\":[{\"@type\":\"SearchAction\",\"target\":{\"@type\":\"EntryPoint\",\"urlTemplate\":\"https:\/\/www.pitecolab.it\/en\/?s={search_term_string}\"},\"query-input\":{\"@type\":\"PropertyValueSpecification\",\"valueRequired\":true,\"valueName\":\"search_term_string\"}}],\"inLanguage\":\"en-US\"},{\"@type\":\"Organization\",\"@id\":\"https:\/\/www.pitecolab.it\/en\/#organization\",\"name\":\"Piteco S.p.A.\",\"url\":\"https:\/\/www.pitecolab.it\/en\/\",\"logo\":{\"@type\":\"ImageObject\",\"inLanguage\":\"en-US\",\"@id\":\"https:\/\/www.pitecolab.it\/en\/#\/schema\/logo\/image\/\",\"url\":\"https:\/\/www.pitecolab.it\/wp-content\/uploads\/2019\/11\/LOGO-Piteco.png\",\"contentUrl\":\"https:\/\/www.pitecolab.it\/wp-content\/uploads\/2019\/11\/LOGO-Piteco.png\",\"width\":444,\"height\":136,\"caption\":\"Piteco S.p.A.\"},\"image\":{\"@id\":\"https:\/\/www.pitecolab.it\/en\/#\/schema\/logo\/image\/\"}}]}<\/script>\n<!-- \/ Yoast SEO plugin. -->","yoast_head_json":{"title":"Piteco Fundraising - Piteco","robots":{"index":"index","follow":"follow","max-snippet":"max-snippet:-1","max-image-preview":"max-image-preview:large","max-video-preview":"max-video-preview:-1"},"canonical":"https:\/\/www.pitecolab.it\/en\/newsroom\/piteco-fundraising\/","og_locale":"en_US","og_type":"article","og_title":"Piteco Fundraising - Piteco","og_description":"[vc_row padding_size=&#8221;no-padding&#8221; css=&#8221;.vc_custom_1714125272394{margin-right: 0px !important;margin-left: 0px !important;border-right-width: 0px !important;border-left-width: 0px !important;padding-right: 0px !important;padding-left: 0px !important;}&#8221; el_class=&#8221;luce-sorriso&#8221;][vc_column width=&#8221;1\/4&#8243;][\/vc_column][vc_column width=&#8221;1\/2&#8243;][vc_column_text] In casa porta felicit\u00e0, nella fatica infonde coraggio. Un sorriso \u00e8 un segno di amicizia. Un bene che non si pu\u00f2 comperare, ma soltanto donare. In ricordo di Claudia [\/vc_column_text][vc_empty_space][\/vc_column][vc_column width=&#8221;1\/4&#8243;][\/vc_column][\/vc_row][vc_row padding_size=&#8221;no-padding&#8221; css=&#8221;.vc_custom_1591257671354{margin-right: 0px !important;margin-left: 0px !important;border-right-width: [&hellip;]","og_url":"https:\/\/www.pitecolab.it\/en\/newsroom\/piteco-fundraising\/","og_site_name":"Piteco","article_modified_time":"2024-04-26T09:54:35+00:00","og_image":[{"width":1246,"height":744,"url":"https:\/\/www.pitecolab.it\/wp-content\/uploads\/2020\/06\/CLS-IMMAGINE1-everglow.jpg","type":"image\/jpeg"}],"twitter_card":"summary_large_image","twitter_misc":{"Est. reading time":"3 minutes"},"schema":{"@context":"https:\/\/schema.org","@graph":[{"@type":"WebPage","@id":"https:\/\/www.pitecolab.it\/en\/newsroom\/piteco-fundraising\/","url":"https:\/\/www.pitecolab.it\/en\/newsroom\/piteco-fundraising\/","name":"Piteco Fundraising - Piteco","isPartOf":{"@id":"https:\/\/www.pitecolab.it\/en\/#website"},"primaryImageOfPage":{"@id":"https:\/\/www.pitecolab.it\/en\/newsroom\/piteco-fundraising\/#primaryimage"},"image":{"@id":"https:\/\/www.pitecolab.it\/en\/newsroom\/piteco-fundraising\/#primaryimage"},"thumbnailUrl":"https:\/\/www.pitecolab.it\/wp-content\/uploads\/2020\/06\/CLS-IMMAGINE1-everglow.jpg","datePublished":"2020-06-04T07:12:34+00:00","dateModified":"2024-04-26T09:54:35+00:00","breadcrumb":{"@id":"https:\/\/www.pitecolab.it\/en\/newsroom\/piteco-fundraising\/#breadcrumb"},"inLanguage":"en-US","potentialAction":[{"@type":"ReadAction","target":["https:\/\/www.pitecolab.it\/en\/newsroom\/piteco-fundraising\/"]}]},{"@type":"ImageObject","inLanguage":"en-US","@id":"https:\/\/www.pitecolab.it\/en\/newsroom\/piteco-fundraising\/#primaryimage","url":"https:\/\/www.pitecolab.it\/wp-content\/uploads\/2020\/06\/CLS-IMMAGINE1-everglow.jpg","contentUrl":"https:\/\/www.pitecolab.it\/wp-content\/uploads\/2020\/06\/CLS-IMMAGINE1-everglow.jpg","width":1246,"height":744},{"@type":"BreadcrumbList","@id":"https:\/\/www.pitecolab.it\/en\/newsroom\/piteco-fundraising\/#breadcrumb","itemListElement":[{"@type":"ListItem","position":1,"name":"Home","item":"https:\/\/www.pitecolab.it\/en\/"},{"@type":"ListItem","position":2,"name":"Newsroom","item":"https:\/\/www.pitecolab.it\/en\/newsroom\/"},{"@type":"ListItem","position":3,"name":"Piteco Fundraising"}]},{"@type":"WebSite","@id":"https:\/\/www.pitecolab.it\/en\/#website","url":"https:\/\/www.pitecolab.it\/en\/","name":"Piteco","description":"","publisher":{"@id":"https:\/\/www.pitecolab.it\/en\/#organization"},"potentialAction":[{"@type":"SearchAction","target":{"@type":"EntryPoint","urlTemplate":"https:\/\/www.pitecolab.it\/en\/?s={search_term_string}"},"query-input":{"@type":"PropertyValueSpecification","valueRequired":true,"valueName":"search_term_string"}}],"inLanguage":"en-US"},{"@type":"Organization","@id":"https:\/\/www.pitecolab.it\/en\/#organization","name":"Piteco S.p.A.","url":"https:\/\/www.pitecolab.it\/en\/","logo":{"@type":"ImageObject","inLanguage":"en-US","@id":"https:\/\/www.pitecolab.it\/en\/#\/schema\/logo\/image\/","url":"https:\/\/www.pitecolab.it\/wp-content\/uploads\/2019\/11\/LOGO-Piteco.png","contentUrl":"https:\/\/www.pitecolab.it\/wp-content\/uploads\/2019\/11\/LOGO-Piteco.png","width":444,"height":136,"caption":"Piteco S.p.A."},"image":{"@id":"https:\/\/www.pitecolab.it\/en\/#\/schema\/logo\/image\/"}}]}},"_links":{"self":[{"href":"https:\/\/www.pitecolab.it\/en\/wp-json\/wp\/v2\/pages\/10424","targetHints":{"allow":["GET"]}}],"collection":[{"href":"https:\/\/www.pitecolab.it\/en\/wp-json\/wp\/v2\/pages"}],"about":[{"href":"https:\/\/www.pitecolab.it\/en\/wp-json\/wp\/v2\/types\/page"}],"author":[{"embeddable":true,"href":"https:\/\/www.pitecolab.it\/en\/wp-json\/wp\/v2\/users\/5"}],"replies":[{"embeddable":true,"href":"https:\/\/www.pitecolab.it\/en\/wp-json\/wp\/v2\/comments?post=10424"}],"version-history":[{"count":6,"href":"https:\/\/www.pitecolab.it\/en\/wp-json\/wp\/v2\/pages\/10424\/revisions"}],"predecessor-version":[{"id":32465,"href":"https:\/\/www.pitecolab.it\/en\/wp-json\/wp\/v2\/pages\/10424\/revisions\/32465"}],"up":[{"embeddable":true,"href":"https:\/\/www.pitecolab.it\/en\/wp-json\/wp\/v2\/pages\/5167"}],"wp:featuredmedia":[{"embeddable":true,"href":"https:\/\/www.pitecolab.it\/en\/wp-json\/wp\/v2\/media\/10266"}],"wp:attachment":[{"href":"https:\/\/www.pitecolab.it\/en\/wp-json\/wp\/v2\/media?parent=10424"}],"curies":[{"name":"wp","href":"https:\/\/api.w.org\/{rel}","templated":true}]}}